{"id":197,"date":"2025-11-21T15:52:36","date_gmt":"2025-11-21T14:52:36","guid":{"rendered":"https:\/\/urlopzagrosze.pl\/?page_id=197"},"modified":"2025-12-29T15:09:34","modified_gmt":"2025-12-29T14:09:34","slug":"regulamin","status":"publish","type":"page","link":"https:\/\/urlopzagrosze.pl\/?page_id=197","title":{"rendered":"Regulamin"},"content":{"rendered":"\t\t<div data-elementor-type=\"wp-page\" data-elementor-id=\"197\" class=\"elementor elementor-197\" data-elementor-post-type=\"page\">\n\t\t\t\t<div class=\"elementor-element elementor-element-21c8c528 e-flex e-con-boxed e-con e-parent\" data-id=\"21c8c528\" data-element_type=\"container\">\n\t\t\t\t\t<div class=\"e-con-inner\">\n\t\t<div class=\"elementor-element elementor-element-6708f6db e-con-full e-flex e-con e-child\" data-id=\"6708f6db\" data-element_type=\"container\" data-settings=\"{&quot;background_background&quot;:&quot;gradient&quot;}\">\n\t\t\t\t<div class=\"elementor-element elementor-element-231887c6 elementor-align-center elementor-mobile-align-center elementor-invisible elementor-widget elementor-widget-button\" data-id=\"231887c6\" data-element_type=\"widget\" data-settings=\"{&quot;_animation&quot;:&quot;pulse&quot;,&quot;_animation_mobile&quot;:&quot;pulse&quot;}\" data-widget_type=\"button.default\">\n\t\t\t\t\t\t\t\t\t\t<a class=\"elementor-button elementor-button-link elementor-size-sm\" href=\"https:\/\/urlopzagrosze.pl\/\">\n\t\t\t\t\t\t<span class=\"elementor-button-content-wrapper\">\n\t\t\t\t\t\t\t\t\t<span class=\"elementor-button-text\">Powr\u00f3t na stron\u0119<\/span>\n\t\t\t\t\t<\/span>\n\t\t\t\t\t<\/a>\n\t\t\t\t\t\t\t\t<\/div>\n\t\t\t\t<div class=\"elementor-element elementor-element-20c1249b elementor-widget elementor-widget-heading\" data-id=\"20c1249b\" data-element_type=\"widget\" data-widget_type=\"heading.default\">\n\t\t\t\t\t<h2 class=\"elementor-heading-title elementor-size-default\">Regulamin Sklepu<\/h2>\t\t\t\t<\/div>\n\t\t<div class=\"elementor-element elementor-element-70d6b6e7 e-con-full e-flex e-con e-child\" data-id=\"70d6b6e7\" data-element_type=\"container\">\n\t\t\t\t<div class=\"elementor-element elementor-element-40a99f62 elementor-widget elementor-widget-text-editor\" data-id=\"40a99f62\" data-element_type=\"widget\" data-widget_type=\"text-editor.default\">\n\t\t\t\t\t\t\t\t\t<p data-start=\"515\" data-end=\"556\"><strong data-start=\"515\" data-end=\"556\">Obowi\u0105zuje od dnia: 30 grudnia 2025 r.<\/strong><\/p><hr data-start=\"558\" data-end=\"561\" \/><h2 data-start=\"563\" data-end=\"589\">1. POSTANOWIENIA OG\u00d3LNE<\/h2><p data-start=\"591\" data-end=\"779\">1.1. Niniejszy Regulamin okre\u015bla zasady sprzeda\u017cy tre\u015bci cyfrowych (e-book\u00f3w, materia\u0142\u00f3w edukacyjnych) w sklepie internetowym dost\u0119pnym pod adresem <strong data-start=\"739\" data-end=\"759\">urlopzagrosze.pl<\/strong> (dalej: \u201eSklep\u201d).<\/p><p data-start=\"781\" data-end=\"988\">1.2. Sprzedawc\u0105 i administratorem Sklepu jest:<br data-start=\"827\" data-end=\"830\" \/><strong data-start=\"830\" data-end=\"870\">Real Skill Digital Mariusz Olszewski<\/strong><br data-start=\"870\" data-end=\"873\" \/>Adres: ul. S\u0142oneczna 29, 05-123 Chotom\u00f3w<br data-start=\"913\" data-end=\"916\" \/>NIP: 5361947054<br data-start=\"931\" data-end=\"934\" \/>REGON: 385998649<br data-start=\"950\" data-end=\"953\" \/>E-mail: ebookpodroze@gmail.com<\/p><p data-start=\"990\" data-end=\"1095\">1.3. Kontakt ze Sprzedawc\u0105 odbywa si\u0119 wy\u0142\u0105cznie drog\u0105 elektroniczn\u0105 pod wskazanym wy\u017cej adresem e-mail.<\/p><p data-start=\"1097\" data-end=\"1206\">1.4. Sprzedawca prowadzi sprzeda\u017c wy\u0142\u0105cznie Tre\u015bci Cyfrowych, kt\u00f3re nie s\u0105 zapisane na no\u015bniku materialnym.<\/p><p data-start=\"1208\" data-end=\"1289\">1.5. Akceptacja Regulaminu jest dobrowolna, ale konieczna do z\u0142o\u017cenia zam\u00f3wienia.<\/p><hr data-start=\"1291\" data-end=\"1294\" \/><h2 data-start=\"1296\" data-end=\"1311\">2. DEFINICJE<\/h2><p data-start=\"1313\" data-end=\"1449\">2.1. Klient \u2013 osoba fizyczna, osoba prawna lub jednostka organizacyjna nieposiadaj\u0105ca osobowo\u015bci prawnej, dokonuj\u0105ca zakupu w Sklepie.<\/p><p data-start=\"1451\" data-end=\"1575\">2.2. Konsument \u2013 osoba fizyczna dokonuj\u0105ca zakupu niezwi\u0105zanego bezpo\u015brednio z jej dzia\u0142alno\u015bci\u0105 gospodarcz\u0105 lub zawodow\u0105.<\/p><p data-start=\"1577\" data-end=\"1812\">2.3. Przedsi\u0119biorca na prawach Konsumenta \u2013 osoba fizyczna prowadz\u0105ca dzia\u0142alno\u015b\u0107 gospodarcz\u0105, zawieraj\u0105ca umow\u0119 bezpo\u015brednio zwi\u0105zan\u0105 z jej dzia\u0142alno\u015bci\u0105, gdy z tre\u015bci umowy wynika, \u017ce nie posiada ona dla niej charakteru zawodowego.<\/p><p data-start=\"1814\" data-end=\"1947\">2.4. Tre\u015b\u0107 Cyfrowa \u2013 dane wytwarzane i dostarczane w postaci cyfrowej (np. e-book, materia\u0142y edukacyjne), b\u0119d\u0105ce przedmiotem Umowy.<\/p><p data-start=\"1949\" data-end=\"2051\">2.5. Umowa \u2013 umowa o dostarczenie Tre\u015bci Cyfrowej zawarta na odleg\u0142o\u015b\u0107 pomi\u0119dzy Sprzedawc\u0105 a Klientem.<\/p><hr data-start=\"2053\" data-end=\"2056\" \/><h2 data-start=\"2058\" data-end=\"2103\">3. CHARAKTER TRE\u015aCI I WYMAGANIA TECHNICZNE<\/h2><p data-start=\"2105\" data-end=\"2194\">3.1. Tre\u015bci oferowane w Sklepie maj\u0105 charakter wy\u0142\u0105cznie <strong data-start=\"2162\" data-end=\"2191\">edukacyjny i informacyjny<\/strong>.<\/p><p data-start=\"2196\" data-end=\"2379\">3.2. Sprzedawca nie \u015bwiadczy us\u0142ug doradztwa turystycznego, inwestycyjnego, prawnego ani podatkowego. Wszelkie decyzje dotycz\u0105ce podr\u00f3\u017cy Klient podejmuje na w\u0142asn\u0105 odpowiedzialno\u015b\u0107.<\/p><p data-start=\"2381\" data-end=\"2586\">3.3. Do korzystania ze Sklepu oraz zakupionych Tre\u015bci Cyfrowych niezb\u0119dne jest:<br data-start=\"2460\" data-end=\"2463\" \/>\u2013 dost\u0119p do Internetu<br data-start=\"2484\" data-end=\"2487\" \/>\u2013 aktywny adres e-mail<br data-start=\"2509\" data-end=\"2512\" \/>\u2013 standardowa przegl\u0105darka internetowa<br data-start=\"2550\" data-end=\"2553\" \/>\u2013 program obs\u0142uguj\u0105cy pliki PDF<\/p><p data-start=\"2588\" data-end=\"2725\">3.4. Sprzedawca nie ponosi odpowiedzialno\u015bci za brak mo\u017cliwo\u015bci dost\u0119pu do Tre\u015bci Cyfrowej wynikaj\u0105cy z niespe\u0142nienia powy\u017cszych wymaga\u0144.<\/p><hr data-start=\"2727\" data-end=\"2730\" \/><h2 data-start=\"2732\" data-end=\"2775\">4. PROCEDURA ZAM\u00d3WIENIA I ZAWARCIE UMOWY<\/h2><p data-start=\"2777\" data-end=\"2856\">4.1. Ceny podane w Sklepie s\u0105 cenami brutto i wyra\u017cone s\u0105 w z\u0142otych polskich.<\/p><p data-start=\"2858\" data-end=\"2967\">4.2. Z\u0142o\u017cenie zam\u00f3wienia nast\u0119puje poprzez wyb\u00f3r produktu i klikni\u0119cie przycisku finalizuj\u0105cego zam\u00f3wienie.<\/p><p data-start=\"2969\" data-end=\"3143\">4.3. Klient, sk\u0142adaj\u0105c zam\u00f3wienie, wyra\u017ca zgod\u0119 na rozpocz\u0119cie \u015bwiadczenia przed up\u0142ywem terminu do odst\u0105pienia od umowy i przyjmuje do wiadomo\u015bci utrat\u0119 prawa odst\u0105pienia.<\/p><p data-start=\"3145\" data-end=\"3215\">4.4. Umowa zostaje zawarta z chwil\u0105 skutecznego dokonania p\u0142atno\u015bci.<\/p><p data-start=\"3217\" data-end=\"3309\">4.5. Po zakupie Klient otrzymuje Tre\u015b\u0107 Cyfrow\u0105 drog\u0105 elektroniczn\u0105 na podany adres e-mail.<\/p><p data-start=\"3311\" data-end=\"3360\">4.6. Faktura przesy\u0142ana jest drog\u0105 elektroniczn\u0105.<\/p><hr data-start=\"3362\" data-end=\"3365\" \/><h2 data-start=\"3367\" data-end=\"3382\">5. P\u0141ATNO\u015aCI<\/h2><p data-start=\"3384\" data-end=\"3465\">5.1. Udost\u0119pnienie Tre\u015bci Cyfrowej nast\u0119puje po op\u0142aceniu zam\u00f3wienia w ca\u0142o\u015bci.<\/p><p data-start=\"3467\" data-end=\"3563\">5.2. Sklep obs\u0142uguje p\u0142atno\u015bci elektroniczne za po\u015brednictwem zewn\u0119trznych operator\u00f3w p\u0142atno\u015bci.<\/p><hr data-start=\"3565\" data-end=\"3568\" \/><h2 data-start=\"3570\" data-end=\"3606\">6. DOSTARCZENIE TRE\u015aCI I LICENCJA<\/h2><p data-start=\"3608\" data-end=\"3686\">6.1. Tre\u015b\u0107 Cyfrowa dostarczana jest niezw\u0142ocznie po zaksi\u0119gowaniu p\u0142atno\u015bci.<\/p><p data-start=\"3688\" data-end=\"3793\">6.2. Klient otrzymuje licencj\u0119 niewy\u0142\u0105czn\u0105 do korzystania z Tre\u015bci Cyfrowej wy\u0142\u0105cznie na w\u0142asny u\u017cytek.<\/p><p data-start=\"3795\" data-end=\"3889\">6.3. Zabronione jest udost\u0119pnianie, kopiowanie lub odsprzeda\u017c Tre\u015bci Cyfrowych osobom trzecim.<\/p><hr data-start=\"3891\" data-end=\"3894\" \/><h2 data-start=\"3896\" data-end=\"3928\">7. PRAWO ODST\u0104PIENIA OD UMOWY<\/h2><p data-start=\"3930\" data-end=\"4095\">7.1. Zgodnie z art. 38 ust. 1 pkt 13 ustawy o prawach konsumenta, Klientowi nie przys\u0142uguje prawo odst\u0105pienia od umowy po rozpocz\u0119ciu dostarczania Tre\u015bci Cyfrowej.<\/p><p data-start=\"4097\" data-end=\"4147\">7.2. Klient, dokonuj\u0105c zakupu, wyra\u017ca na to zgod\u0119.<\/p><hr data-start=\"4149\" data-end=\"4152\" \/><h2 data-start=\"4154\" data-end=\"4170\">8. REKLAMACJE<\/h2><p data-start=\"4172\" data-end=\"4236\">8.1. Sprzedawca odpowiada za zgodno\u015b\u0107 Tre\u015bci Cyfrowej z Umow\u0105.<\/p><p data-start=\"4238\" data-end=\"4310\">8.2. Reklamacje nale\u017cy zg\u0142asza\u0107 na adres: ebookpodroze@gmail.com<\/p><p data-start=\"4312\" data-end=\"4362\">8.3. Reklamacje rozpatrywane s\u0105 w terminie 14 dni.<\/p><hr data-start=\"4364\" data-end=\"4367\" \/><h2 data-start=\"4369\" data-end=\"4399\">9. OCHRONA DANYCH OSOBOWYCH<\/h2><p data-start=\"4401\" data-end=\"4457\">9.1. Administratorem danych osobowych jest Sprzedawca.<\/p><p data-start=\"4459\" data-end=\"4547\">9.2. Dane przetwarzane s\u0105 w celu realizacji Umowy zgodnie z Polityk\u0105 Prywatno\u015bci Sklepu.<\/p><hr data-start=\"4549\" data-end=\"4552\" \/><h2 data-start=\"4554\" data-end=\"4582\">10. POSTANOWIENIA KO\u0143COWE<\/h2><p data-start=\"4584\" data-end=\"4691\">10.1. Sklep nie jest powi\u0105zany z platformami Meta, Instagram, Facebook ani innymi serwisami zewn\u0119trznymi.<\/p><p data-start=\"4693\" data-end=\"4799\">10.2. Sprzedawca zastrzega sobie prawo do zmian Regulaminu z wa\u017cnych przyczyn prawnych lub technicznych.<\/p><p data-start=\"4801\" data-end=\"4915\">10.3. W sprawach nieuregulowanych zastosowanie maj\u0105 przepisy Kodeksu Cywilnego oraz ustawy o prawach konsumenta.<\/p><p data-start=\"4917\" data-end=\"5001\">10.4. Konsument mo\u017ce skorzysta\u0107 z platformy ODR:<br data-start=\"4965\" data-end=\"4968\" \/><a class=\"decorated-link\" href=\"http:\/\/ec.europa.eu\/consumers\/odr\" target=\"_new\" rel=\"noopener\" data-start=\"4968\" data-end=\"5001\">http:\/\/ec.europa.eu\/consumers\/odr<\/a><\/p>\t\t\t\t\t\t\t\t<\/div>\n\t\t\t\t<\/div>\n\t\t\t\t<div class=\"elementor-element elementor-element-c2ace16 elementor-align-center elementor-mobile-align-center elementor-invisible elementor-widget elementor-widget-button\" data-id=\"c2ace16\" data-element_type=\"widget\" data-settings=\"{&quot;_animation&quot;:&quot;pulse&quot;,&quot;_animation_mobile&quot;:&quot;pulse&quot;}\" data-widget_type=\"button.default\">\n\t\t\t\t\t\t\t\t\t\t<a class=\"elementor-button elementor-button-link elementor-size-sm\" href=\"https:\/\/urlopzagrosze.pl\/\">\n\t\t\t\t\t\t<span class=\"elementor-button-content-wrapper\">\n\t\t\t\t\t\t\t\t\t<span class=\"elementor-button-text\">Powr\u00f3t na stron\u0119<\/span>\n\t\t\t\t\t<\/span>\n\t\t\t\t\t<\/a>\n\t\t\t\t\t\t\t\t<\/div>\n\t\t\t\t<\/div>\n\t\t\t\t\t<\/div>\n\t\t\t\t<\/div>\n\t\t\t\t<\/div>\n\t\t","protected":false},"excerpt":{"rendered":"<p>Powr\u00f3t na stron\u0119 Regulamin Sklepu Obowi\u0105zuje od dnia: 30 grudnia 2025 r. 1. POSTANOWIENIA OG\u00d3LNE 1.1. Niniejszy Regulamin okre\u015bla zasady sprzeda\u017cy tre\u015bci cyfrowych (e-book\u00f3w, materia\u0142\u00f3w edukacyjnych) w sklepie internetowym dost\u0119pnym pod adresem urlopzagrosze.pl (dalej: \u201eSklep\u201d). 1.2. Sprzedawc\u0105 i administratorem Sklepu jest:Real Skill Digital Mariusz OlszewskiAdres: ul. S\u0142oneczna 29, 05-123 Chotom\u00f3wNIP: 5361947054REGON: 385998649E-mail: ebookpodroze@gmail.com 1.3. Kontakt [&hellip;]<\/p>\n","protected":false},"author":1,"featured_media":0,"parent":0,"menu_order":0,"comment_status":"closed","ping_status":"closed","template":"","meta":{"om_disable_all_campaigns":false,"_monsterinsights_skip_tracking":false,"_monsterinsights_sitenote_active":false,"_monsterinsights_sitenote_note":"","_monsterinsights_sitenote_category":0,"footnotes":""},"class_list":["post-197","page","type-page","status-publish","hentry"],"aioseo_notices":[],"_links":{"self":[{"href":"https:\/\/urlopzagrosze.pl\/index.php?rest_route=\/wp\/v2\/pages\/197","targetHints":{"allow":["GET"]}}],"collection":[{"href":"https:\/\/urlopzagrosze.pl\/index.php?rest_route=\/wp\/v2\/pages"}],"about":[{"href":"https:\/\/urlopzagrosze.pl\/index.php?rest_route=\/wp\/v2\/types\/page"}],"author":[{"embeddable":true,"href":"https:\/\/urlopzagrosze.pl\/index.php?rest_route=\/wp\/v2\/users\/1"}],"replies":[{"embeddable":true,"href":"https:\/\/urlopzagrosze.pl\/index.php?rest_route=%2Fwp%2Fv2%2Fcomments&post=197"}],"version-history":[{"count":37,"href":"https:\/\/urlopzagrosze.pl\/index.php?rest_route=\/wp\/v2\/pages\/197\/revisions"}],"predecessor-version":[{"id":1215,"href":"https:\/\/urlopzagrosze.pl\/index.php?rest_route=\/wp\/v2\/pages\/197\/revisions\/1215"}],"wp:attachment":[{"href":"https:\/\/urlopzagrosze.pl\/index.php?rest_route=%2Fwp%2Fv2%2Fmedia&parent=197"}],"curies":[{"name":"wp","href":"https:\/\/api.w.org\/{rel}","templated":true}]}}